{"id":2117,"date":"2025-07-28T21:47:38","date_gmt":"2025-07-28T21:47:38","guid":{"rendered":"https:\/\/step-ks.com\/wp\/?page_id=2117"},"modified":"2025-08-22T09:05:48","modified_gmt":"2025-08-22T09:05:48","slug":"homepage","status":"publish","type":"page","link":"https:\/\/step-ks.com\/en\/","title":{"rendered":"homepage"},"content":{"rendered":"<div data-elementor-type=\"wp-page\" data-elementor-id=\"2117\" class=\"elementor elementor-2117\" data-elementor-post-type=\"page\">\n\t\t\t\t<div class=\"elementor-element elementor-element-9dc931b e-con-full e-flex e-con e-parent\" data-id=\"9dc931b\" data-element_type=\"container\" data-settings=\"{&quot;background_background&quot;:&quot;classic&quot;}\">\n\t\t<div class=\"elementor-element elementor-element-0e3044a e-flex e-con-boxed e-con e-child\" data-id=\"0e3044a\" data-element_type=\"container\">\n\t\t\t\t\t<div class=\"e-con-inner\">\n\t\t<div class=\"elementor-element elementor-element-15cc05f e-con-full e-flex e-con e-child\" data-id=\"15cc05f\" data-element_type=\"container\">\n\t\t<div class=\"elementor-element elementor-element-be81f24 e-con-full e-flex e-con e-child\" data-id=\"be81f24\" data-element_type=\"container\">\n\t\t\t\t<\/div>\n\t\t\t\t<div class=\"elementor-element elementor-element-f8525d7 elementor-widget elementor-widget-heading\" data-id=\"f8525d7\" data-element_type=\"widget\" data-widget_type=\"heading.default\">\n\t\t\t\t\t<h2 class=\"elementor-heading-title elementor-size-default\">ZGJIDH LOKACIONIN T\u00cbND\n\n<\/h2>\t\t\t\t<\/div>\n\t\t\t\t<div class=\"elementor-element elementor-element-6514d1e elementor-widget elementor-widget-text-editor\" data-id=\"6514d1e\" data-element_type=\"widget\" data-widget_type=\"text-editor.default\">\n\t\t\t\t\t\t\t\t\t<p>Shijo p\u00ebrvoj\u00ebn n\u00eb <strong><a style=\"color: white; text-decoration: underline;\" href=\"http:\/\/step-arena.com\/\">STEP ARENA<\/a> <\/strong>or <strong><a style=\"color: white; text-decoration: underline;\" href=\"https:\/\/stepsportcenter.com\/\">STEP SPORT CENTER<\/a><\/strong> \u2014 dy destinacionet e tua p\u00ebr sport, rekreacion dhe sh\u00ebndet.<\/p>\t\t\t\t\t\t\t\t<\/div>\n\t\t\t\t<\/div>\n\t\t<div class=\"elementor-element elementor-element-a442c7f e-con-full e-flex e-con e-child\" data-id=\"a442c7f\" data-element_type=\"container\">\n\t\t<div class=\"elementor-element elementor-element-0b1f13c e-con-full e-flex e-con e-child\" data-id=\"0b1f13c\" data-element_type=\"container\">\n\t\t\t\t<div class=\"elementor-element elementor-element-51f77a9 elementor-widget elementor-widget-image\" data-id=\"51f77a9\" data-element_type=\"widget\" data-widget_type=\"image.default\">\n\t\t\t\t\t\t\t\t\t\t\t\t\t\t\t\t<a href=\"http:\/\/step-arena.com\" target=\"_blank\">\n\t\t\t\t\t\t\t<img decoding=\"async\" width=\"216\" height=\"82\" src=\"https:\/\/step-ks.com\/wp-content\/uploads\/2025\/08\/Group-1171275007.png\" class=\"attachment-large size-large wp-image-2206\" alt=\"\" srcset=\"https:\/\/step-ks.com\/wp-content\/uploads\/2025\/08\/Group-1171275007.png 216w, https:\/\/step-ks.com\/wp-content\/uploads\/2025\/08\/Group-1171275007-18x7.png 18w\" sizes=\"(max-width: 216px) 100vw, 216px\" \/>\t\t\t\t\t\t\t\t<\/a>\n\t\t\t\t\t\t\t\t\t\t\t\t\t\t\t<\/div>\n\t\t\t\t<div class=\"elementor-element elementor-element-f238da6 e-transform elementor-widget elementor-widget-image\" data-id=\"f238da6\" data-element_type=\"widget\" data-settings=\"{&quot;_transform_scale_effect_hover&quot;:{&quot;unit&quot;:&quot;px&quot;,&quot;size&quot;:1.1,&quot;sizes&quot;:[]},&quot;_transform_scale_effect_hover_tablet&quot;:{&quot;unit&quot;:&quot;px&quot;,&quot;size&quot;:&quot;&quot;,&quot;sizes&quot;:[]},&quot;_transform_scale_effect_hover_mobile&quot;:{&quot;unit&quot;:&quot;px&quot;,&quot;size&quot;:&quot;&quot;,&quot;sizes&quot;:[]}}\" data-widget_type=\"image.default\">\n\t\t\t\t\t\t\t\t\t\t\t\t\t\t\t\t<a href=\"http:\/\/step-arena.com\/\" target=\"_blank\">\n\t\t\t\t\t\t\t<img fetchpriority=\"high\" decoding=\"async\" width=\"451\" height=\"451\" src=\"https:\/\/step-ks.com\/wp-content\/uploads\/2025\/07\/Frame-313.png\" class=\"attachment-large size-large wp-image-2135\" alt=\"\" srcset=\"https:\/\/step-ks.com\/wp-content\/uploads\/2025\/07\/Frame-313.png 451w, https:\/\/step-ks.com\/wp-content\/uploads\/2025\/07\/Frame-313-160x160.png 160w\" sizes=\"(max-width: 451px) 100vw, 451px\" \/>\t\t\t\t\t\t\t\t<\/a>\n\t\t\t\t\t\t\t\t\t\t\t\t\t\t\t<\/div>\n\t\t\t\t<\/div>\n\t\t<div class=\"elementor-element elementor-element-1c2d647 e-con-full e-flex e-con e-child\" data-id=\"1c2d647\" data-element_type=\"container\">\n\t\t\t\t<div class=\"elementor-element elementor-element-0cf33e1 elementor-widget elementor-widget-image\" data-id=\"0cf33e1\" data-element_type=\"widget\" data-widget_type=\"image.default\">\n\t\t\t\t\t\t\t\t\t\t\t\t\t\t\t\t<a href=\"https:\/\/stepsportcenter.com\/\" target=\"_blank\">\n\t\t\t\t\t\t\t<img decoding=\"async\" width=\"635\" height=\"225\" src=\"https:\/\/step-ks.com\/wp-content\/uploads\/2025\/07\/Logo-step.fd9874d9cec7c4a021f4.png\" class=\"attachment-large size-large wp-image-2132\" alt=\"\" \/>\t\t\t\t\t\t\t\t<\/a>\n\t\t\t\t\t\t\t\t\t\t\t\t\t\t\t<\/div>\n\t\t\t\t<div class=\"elementor-element elementor-element-f9141fa e-transform elementor-widget elementor-widget-image\" data-id=\"f9141fa\" data-element_type=\"widget\" data-settings=\"{&quot;_transform_scale_effect_hover&quot;:{&quot;unit&quot;:&quot;px&quot;,&quot;size&quot;:1.1,&quot;sizes&quot;:[]},&quot;_transform_scale_effect_hover_tablet&quot;:{&quot;unit&quot;:&quot;px&quot;,&quot;size&quot;:&quot;&quot;,&quot;sizes&quot;:[]},&quot;_transform_scale_effect_hover_mobile&quot;:{&quot;unit&quot;:&quot;px&quot;,&quot;size&quot;:&quot;&quot;,&quot;sizes&quot;:[]}}\" data-widget_type=\"image.default\">\n\t\t\t\t\t\t\t\t\t\t\t\t\t\t\t\t<a href=\"https:\/\/stepsportcenter.com\/\" target=\"_blank\">\n\t\t\t\t\t\t\t<img loading=\"lazy\" decoding=\"async\" width=\"451\" height=\"451\" src=\"https:\/\/step-ks.com\/wp-content\/uploads\/2025\/07\/Frame-312.png\" class=\"attachment-large size-large wp-image-2129\" alt=\"\" srcset=\"https:\/\/step-ks.com\/wp-content\/uploads\/2025\/07\/Frame-312.png 451w, https:\/\/step-ks.com\/wp-content\/uploads\/2025\/07\/Frame-312-160x160.png 160w\" sizes=\"(max-width: 451px) 100vw, 451px\" \/>\t\t\t\t\t\t\t\t<\/a>\n\t\t\t\t\t\t\t\t\t\t\t\t\t\t\t<\/div>\n\t\t\t\t<\/div>\n\t\t\t\t<\/div>\n\t\t\t\t\t<\/div>\n\t\t\t\t<\/div>\n\t\t\t\t<\/div>\n\t\t\t\t<\/div>","protected":false},"excerpt":{"rendered":"<p>ZGJIDH LOKACIONIN T\u00cbND Shijo p\u00ebrvoj\u00ebn n\u00eb STEP ARENA ose STEP SPORT CENTER \u2014 dy destinacionet e tua p\u00ebr sport, rekreacion dhe sh\u00ebndet.<\/p>","protected":false},"author":1,"featured_media":0,"parent":0,"menu_order":0,"comment_status":"closed","ping_status":"closed","template":"elementor_canvas","meta":{"footnotes":""},"class_list":["post-2117","page","type-page","status-publish","hentry"],"_links":{"self":[{"href":"https:\/\/step-ks.com\/en\/wp-json\/wp\/v2\/pages\/2117","targetHints":{"allow":["GET"]}}],"collection":[{"href":"https:\/\/step-ks.com\/en\/wp-json\/wp\/v2\/pages"}],"about":[{"href":"https:\/\/step-ks.com\/en\/wp-json\/wp\/v2\/types\/page"}],"author":[{"embeddable":true,"href":"https:\/\/step-ks.com\/en\/wp-json\/wp\/v2\/users\/1"}],"replies":[{"embeddable":true,"href":"https:\/\/step-ks.com\/en\/wp-json\/wp\/v2\/comments?post=2117"}],"version-history":[{"count":0,"href":"https:\/\/step-ks.com\/en\/wp-json\/wp\/v2\/pages\/2117\/revisions"}],"wp:attachment":[{"href":"https:\/\/step-ks.com\/en\/wp-json\/wp\/v2\/media?parent=2117"}],"curies":[{"name":"wp","href":"https:\/\/api.w.org\/{rel}","templated":true}]}}